{"id":11,"date":"2013-10-09T18:59:34","date_gmt":"2013-10-09T18:59:34","guid":{"rendered":"http:\/\/www.boaviagemmusic.com\/french\/?page_id=11"},"modified":"2025-04-16T21:34:12","modified_gmt":"2025-04-16T21:34:12","slug":"quienes-somos","status":"publish","type":"page","link":"https:\/\/www.boaviagemmusic.com\/fr\/quienes-somos\/","title":{"rendered":"A Propos"},"content":{"rendered":"<p>Forts de leur exp\u00e9rience de plus de cinq ans en tant que producteurs de musique latine et cumbia sur la sc\u00e8ne internationale au sein de l&#8217;agence fran\u00e7aise <em>D\u00e9rapage Productions<\/em>, Gr\u00e9goire Bouquet et Guillaume Laumi\u00e8re fondent en 2013 <strong>Boa Viagem Music<\/strong>.<\/p>\n<p>Bas\u00e9e entre Paris (France) et Buenos Aires (Argentine), <strong>Boa Viagem Music<\/strong> a pour vocation de renforcer la circulation d&#8217;artistes sur la sc\u00e8ne internationale et de d\u00e9velopper une activit\u00e9 de production\/booking en Am\u00e9rique Latine, en compl\u00e9ment de l&#8217;organisation de tourn\u00e9es en Europe et dans le reste du monde.<\/p>\n<p><img loading=\"lazy\" decoding=\"async\" src=\"http:\/\/www.boaviagemmusic.com\/wp-content\/uploads\/sites\/2\/2013\/10\/bandoneos.jpg\" alt=\"bandoneos\" width=\"209\" height=\"155\" class=\"aligncenter size-full wp-image-37\" \/><\/p>\n<p>Au cours des ann\u00e9es pass\u00e9es, les fondateurs de <strong>Boa Viagem Music<\/strong> ont eu le plaisir et l&#8217;honneur de travailler avec des artistes de renomm\u00e9e internationale tels que Toto la Momposina (Colombie), Celso Pi\u00f1a (Mexique), Chico Trujillo (Chili), La Delio Valdez (Argentine), El Hijo de la Cumbia (Argentine), Cumbia All Stars (P\u00e9rou), Sonido Gallo Negro (Mexique), Bareto (P\u00e9rou), La Dame Blanche (Cuba), Ana Tijoux (Chili), Dengue Dengue Dengue (P\u00e9rou), Julieta Venegas (Mexique), Orquesta Tipica Fernandez Fierro (Argentine), Los Gaiteros de San Jacinto (Colombie), Terrakota (Portugal), Juana F\u00e9 (Chili), La Makina del Karibe (Colombie), Al Jawala (Allemagne), Orchestre International du Vetex (Belgique), Escalandrum \u00ab Piazzolla plays Piazzolla \u00bb (Argentine), Bloque Depresivo (Chili), Antonio Rivas (Colombie), &#8230;<\/p>\n<p>En compl\u00e9ment de notre coeur d&#8217;activit\u00e9, l&#8217;organisation de tourn\u00e9es, notre exp\u00e9rience dans le spectacle vivant nous a amen\u00e9s \u00e0 occuper des fonctions de managers, programmateurs de concerts\/salles de musique actuelle, producteurs de soir\u00e9es, charg\u00e9s de communication.<\/p>\n<p>Ayant ouvert le chemin au d\u00e9veloppement de la Cumbia \u00e0 l&#8217;international (la cumbia est le courant musical le plus populaire d&#8217;Am\u00e9rique Latine, pr\u00e9sent sur l&#8217;ensemble du continent, du Mexique \u00e0 l&#8217;Argentine), consultants sp\u00e9cialis\u00e9s en musiques latines aupr\u00e8s de partenaires institutionnels et priv\u00e9s du spectacle vivants, les acteurs de <strong>Boa Viagem Music<\/strong> ont pour objectif de fluidifier les \u00e9changes d&#8217;artistes en relation avec les nouvelles sonorit\u00e9s latines, et cela en parall\u00e8le d&#8217;un mouvement de renaissance de la Cumbia comme courant musical majeur d\u00e9passant les fronti\u00e8res de la \u00ab World Music \u00bb.<\/p>\n","protected":false},"excerpt":{"rendered":"<p>Forts de leur exp\u00e9rience de plus de cinq ans en tant que producteurs de musique latine et cumbia sur la sc\u00e8ne internationale au sein de l&#8217;agence fran\u00e7aise D\u00e9rapage Productions, Gr\u00e9goire Bouquet et Guillaume Laumi\u00e8re fondent en 2013 Boa Viagem Music. Bas\u00e9e entre Paris (France) et Buenos Aires (Argentine), Boa Viagem Music a pour vocation de [&hellip;]<\/p>\n","protected":false},"author":2,"featured_media":0,"parent":0,"menu_order":4,"comment_status":"open","ping_status":"open","template":"","meta":{"inline_featured_image":false,"footnotes":""},"class_list":["post-11","page","type-page","status-publish","hentry"],"_links":{"self":[{"href":"https:\/\/www.boaviagemmusic.com\/fr\/wp-json\/wp\/v2\/pages\/11","targetHints":{"allow":["GET"]}}],"collection":[{"href":"https:\/\/www.boaviagemmusic.com\/fr\/wp-json\/wp\/v2\/pages"}],"about":[{"href":"https:\/\/www.boaviagemmusic.com\/fr\/wp-json\/wp\/v2\/types\/page"}],"author":[{"embeddable":true,"href":"https:\/\/www.boaviagemmusic.com\/fr\/wp-json\/wp\/v2\/users\/2"}],"replies":[{"embeddable":true,"href":"https:\/\/www.boaviagemmusic.com\/fr\/wp-json\/wp\/v2\/comments?post=11"}],"version-history":[{"count":28,"href":"https:\/\/www.boaviagemmusic.com\/fr\/wp-json\/wp\/v2\/pages\/11\/revisions"}],"predecessor-version":[{"id":959,"href":"https:\/\/www.boaviagemmusic.com\/fr\/wp-json\/wp\/v2\/pages\/11\/revisions\/959"}],"wp:attachment":[{"href":"https:\/\/www.boaviagemmusic.com\/fr\/wp-json\/wp\/v2\/media?parent=11"}],"curies":[{"name":"wp","href":"https:\/\/api.w.org\/{rel}","templated":true}]}}