{"id":11,"date":"2013-10-09T18:59:34","date_gmt":"2013-10-09T18:59:34","guid":{"rendered":"http:\/\/www.boaviagemmusic.com\/spanish\/?page_id=11"},"modified":"2025-04-16T21:43:50","modified_gmt":"2025-04-16T21:43:50","slug":"quienes-somos","status":"publish","type":"page","link":"https:\/\/www.boaviagemmusic.com\/es\/quienes-somos\/","title":{"rendered":"Quienes somos"},"content":{"rendered":"<p>Con una experiencia de mas de 5 a\u00f1os como productores de m\u00fasica latina y cumbia al nivel internacional en la agencia francesa <em>D\u00e9rapage Production<\/em>, Gr\u00e9goire Bouquet y Guillaume Laumi\u00e8re inician en 2013 <strong>Boa Viagem Music<\/strong>.<\/p>\n<p>Establecida entre Buenos Aires (Argentina) y Par\u00eds (Francia), <strong>Boa Viagem Music<\/strong> tiene como vocaci\u00f3n el fortalecer la circulaci\u00f3n de artistas en la escena internacional y el desarrollo de una actividad de producci\u00f3n\/booking en Am\u00e9rica Latina, adem\u00e1s de la organizaci\u00f3n de giras europeas e Internacionales.<\/p>\n<p><img loading=\"lazy\" decoding=\"async\" src=\"http:\/\/www.boaviagemmusic.com\/wp-content\/uploads\/sites\/3\/2013\/10\/bandoneos.jpg\" alt=\"bandoneos\" width=\"209\" height=\"155\" class=\"aligncenter size-full wp-image-37\" \/><\/p>\n<p>Durante estos a\u00f1os los fundadores de <strong>Boa Viagem Music<\/strong> tuvieron el honor y el placer de trabajar con artistas de fama internacional como Toto la Momposina (Colombia), Celso Pi\u00f1a (Mexico), Chico Trujillo (Chile), La Delio Valdez (Argentina), El Hijo de la Cumbia (Argentina), Cumbia All Stars (Peru), Sonido Gallo Negro (Mexico), Bareto (Peru), La Dame Blanche (Cuba), Ana Tijoux (Chile), Dengue Dengue Dengue (Peru), Julieta Venegas (Mexico), Orquesta Tipica Fernandez Fierro (Argentina), Los Gaiteros de San Jacinto (Colombia), Terrakota (Portugal), Juana F\u00e9 (Chile), La Makina del Karibe (Colombia), Al Jawala (Germany), Orchestre International du Vetex (Belgium), Escalandrum \u00ab Piazzolla plays Piazzolla \u00bb (Argentina), Bloque Depresivo (Chile), Antonio Rivas (Colombia), &#8230;<\/p>\n<p>Junto a nuestra actividad principal &#8211; la organizaci\u00f3n de giras &#8211; nuestra experiencia en el mundo de la m\u00fasica nos llevo tambi\u00e9n a ocupar cargos como managers, programadores de salas de m\u00fasica, organizadores de fiestas y encargados de la comunicaci\u00f3n.<\/p>\n<p>Abriendo caminos para el desarrollo de la <em>Cumbia por el Mundo<\/em> (la cumbia es el movimiento musical m\u00e1s popular de Am\u00e9rica Latina, presente en todo el continente, desde M\u00e9xico hasta Argentina) como consultores especializados en ritmos latinos ante los profesionales, instituciones y privados del mundo de la m\u00fasica, los protagonistas de <strong>Boa Viagem Music<\/strong> tienen como objetivo de construir los intercambios art\u00edsticos en paralelo al renacimiento de la cumbia como movimiento musical de primer plano.<\/p>\n","protected":false},"excerpt":{"rendered":"<p>Con una experiencia de mas de 5 a\u00f1os como productores de m\u00fasica latina y cumbia al nivel internacional en la agencia francesa D\u00e9rapage Production, Gr\u00e9goire Bouquet y Guillaume Laumi\u00e8re inician en 2013 Boa Viagem Music. Establecida entre Buenos Aires (Argentina) y Par\u00eds (Francia), Boa Viagem Music tiene como vocaci\u00f3n el fortalecer la circulaci\u00f3n de artistas [&hellip;]<\/p>\n","protected":false},"author":2,"featured_media":0,"parent":0,"menu_order":4,"comment_status":"open","ping_status":"open","template":"","meta":{"inline_featured_image":false,"footnotes":""},"class_list":["post-11","page","type-page","status-publish","hentry"],"_links":{"self":[{"href":"https:\/\/www.boaviagemmusic.com\/es\/wp-json\/wp\/v2\/pages\/11","targetHints":{"allow":["GET"]}}],"collection":[{"href":"https:\/\/www.boaviagemmusic.com\/es\/wp-json\/wp\/v2\/pages"}],"about":[{"href":"https:\/\/www.boaviagemmusic.com\/es\/wp-json\/wp\/v2\/types\/page"}],"author":[{"embeddable":true,"href":"https:\/\/www.boaviagemmusic.com\/es\/wp-json\/wp\/v2\/users\/2"}],"replies":[{"embeddable":true,"href":"https:\/\/www.boaviagemmusic.com\/es\/wp-json\/wp\/v2\/comments?post=11"}],"version-history":[{"count":28,"href":"https:\/\/www.boaviagemmusic.com\/es\/wp-json\/wp\/v2\/pages\/11\/revisions"}],"predecessor-version":[{"id":766,"href":"https:\/\/www.boaviagemmusic.com\/es\/wp-json\/wp\/v2\/pages\/11\/revisions\/766"}],"wp:attachment":[{"href":"https:\/\/www.boaviagemmusic.com\/es\/wp-json\/wp\/v2\/media?parent=11"}],"curies":[{"name":"wp","href":"https:\/\/api.w.org\/{rel}","templated":true}]}}